{"id":2,"date":"2016-05-10T03:48:21","date_gmt":"2016-05-10T03:48:21","guid":{"rendered":"https:\/\/samichlaus5444.ch\/?page_id=2"},"modified":"2025-11-02T19:00:14","modified_gmt":"2025-11-02T19:00:14","slug":"sample-page","status":"publish","type":"page","link":"https:\/\/samichlaus5444.ch\/","title":{"rendered":""},"content":{"rendered":"\n<p class=\"has-text-align-center\" style=\"font-size:22px\"><strong>Der Samichlaus freut sich darauf auch dieses Jahr vom Freitag, dem 05.12.2025 bis und mit Sonntag, dem 07.12.2025 viele Familien besuchen zu d\u00fcrfen. <\/strong><\/p>\n\n\n\n<hr class=\"wp-block-separator has-css-opacity\"\/>\n\n\n\n<p class=\"has-text-align-center\" style=\"font-size:22px\">Beim Familienbesuch bringen Samichlaus, Schmutzlis und Diener\/in zauberhafte Stimmung in Ihr Zuhause. Der Besuch beginnt mit einer Geschichte zu einem aktuellen Thema und der Samichlaus zeigt den Kindern aus dem mitgebrachten Geschichtenbuch die ansprechenden Bilder. Nach der Geschichte werden aus dem \u00abgoldenen Buch\u00bb die vielen positiven Seiten und Verbesserungsm\u00f6glichkeiten (die von den Eltern im Anmeldeformular notiert werden) den Kindern nahe gebracht.<\/p>\n\n\n\n<hr class=\"wp-block-separator has-css-opacity\"\/>\n\n\n\n<p class=\"has-text-align-center\" style=\"font-size:22px\">Danach bleibt noch Zeit f\u00fcr Vortr\u00e4ge (Versli, Lieder, Musik etc.) der Kinder an den Samichlaus. Zum Schluss werden die Geschenke (welche am Freitag im Pfarreisaal von den Eltern abgegeben werden) aus der Hutte (Korb) an die Kinder verteilt. Zus\u00e4tzlich erh\u00e4lt jede Familie passend zum Geschichtsthema ein kleines Geschenk. Der Samichlaus verabschiedet sich und macht sich dann auf den Weg zum n\u00e4chsten Familienbesuch.<\/p>\n\n\n\n<hr class=\"wp-block-separator has-css-opacity\"\/>\n\n\n\n<div data-wp-interactive=\"\" class=\"wp-block-file\"><object data-wp-bind--hidden=\"!selectors.core.file.hasPdfPreview\" hidden class=\"wp-block-file__embed\" data=\"https:\/\/samichlaus5444.ch\/wp-content\/uploads\/2025\/11\/Samichlaus_Anmeldung_2025_Formular_auf_Webseite.pdf\" type=\"application\/pdf\" style=\"width:100%;height:600px\" aria-label=\"Einbettung von Samichlaus_Anmeldung_2025_Formular_auf_Webseite.\"><\/object><a id=\"wp-block-file--media-c948542b-5f81-4375-8a18-739cb29f6dea\" href=\"https:\/\/samichlaus5444.ch\/wp-content\/uploads\/2025\/11\/Samichlaus_Anmeldung_2025_Formular_auf_Webseite.pdf\">Samichlaus_Anmeldung_2025_Formular_auf_Webseite<\/a><a href=\"https:\/\/samichlaus5444.ch\/wp-content\/uploads\/2025\/11\/Samichlaus_Anmeldung_2025_Formular_auf_Webseite.pdf\" class=\"wp-block-file__button wp-element-button\" download aria-describedby=\"wp-block-file--media-c948542b-5f81-4375-8a18-739cb29f6dea\">Herunterladen<\/a><\/div>\n\n\n\n<p class=\"has-text-align-center\" style=\"font-size:22px\"><strong>F\u00fcr die Anmeldung des Samichlaus-Besuches beachten Sie bitte folgende Punkte:<\/strong><\/p>\n\n\n\n<ul>\n<li style=\"font-size:23px\">Die Anmeldung kann mit PDF-Viewer elektronisch ausgef\u00fcllt werden.<\/li>\n\n\n\n<li style=\"font-size:23px\">Sie k\u00f6nnen eines der aufgef\u00fchrten Daten f\u00fcr den Samichlaus-Besuch w\u00e4hlen und geben die f\u00fcr Sie m\u00f6gliche Besuchszeit und den Besuchsort an.<\/li>\n\n\n\n<li style=\"font-size:22px\">Geben Sie, wenn immer m\u00f6glich, ein Ausweichdatum an.<\/li>\n\n\n\n<li style=\"font-size:22px\">Die Anmeldung wird vom Oberschmutzli ca. 1 Woche vor dem Termin best\u00e4tigt und der genaue Zeitpunkt mitgeteilt.<\/li>\n\n\n\n<li style=\"font-size:22px\">Der Samichlaus ist bem\u00fcht, sich an den Zeitplan zu halten. Es kann aber zu Abweichungen von +\/- 15 Min. kommen.<\/li>\n\n\n\n<li style=\"font-size:22px\">Die<strong> <\/strong>Geschenke der Eltern f\u00fcr die Kinder m\u00fcssen am Freitag, 05.12.2025 von 9.00 \u2013 11.30 Uhr und 14.00 &#8211; 16.00 Uhr im Pfarreisaal der Kirche K\u00fcnten abgegeben werden. Bitte jedes Geschenk gut sichtbar mit dem Namen des Kindes beschriften.<\/li>\n<\/ul>\n\n\n\n<hr class=\"wp-block-separator has-alpha-channel-opacity\"\/>\n\n\n\n<p class=\"has-text-align-center\" style=\"font-size:22px\"><strong>Traditioneller Chlausauszug<\/strong><\/p>\n\n\n\n<p class=\"has-text-align-center\" style=\"font-size:22px\">Beim Chlausauszug holt der Samichlaus mit seinen Schmutzlis und den DienerInnen die Kindergartenkinder beim Kindergarten ab. Gemeinsam ziehen die Kinder mit dem Samichlaus via M\u00fchlemattstrasse und Chraz in die Kirche ein. Die Kindergartenkinder wirken bei der Feier mit Liedern und Versli mit.<\/p>\n\n\n\n<p class=\"has-text-align-center\" style=\"font-size:22px\">Der Oberchlaus erz\u00e4hlt eine Geschichte zu einem aktuellen Thema. Nach der Feier haben die Kinder die M\u00f6glichkeit, bei einem der Samichl\u00e4use ein Versli oder ein Lied vorzutragen. Jedes Kind erh\u00e4lt ein Chlauss\u00e4ckli. Danach machen sich die Gruppen auf, die Familien zu besuchen.<\/p>\n\n\n\n<p class=\"has-text-align-center\" style=\"font-size:22px\">Der Chlausauszug findet am Samstag, 06.12.2025 von 17:00-18:00 Uhr bei der Katholischen Kirche in K\u00fcnten statt. <br><br><\/p>\n\n\n\n<hr class=\"wp-block-separator has-css-opacity\"\/>\n\n\n\n<h3 class=\"wp-block-heading has-text-align-center\">Liebe Gr\u00fcsse euer Samichlaus<\/h3>\n\n\n\n<hr class=\"wp-block-separator has-alpha-channel-opacity\"\/>\n\n\n\n<p class=\"has-text-align-center\">Das Samichlaus-Team wird nicht mit \u00f6ffentlichen Mitteln unterst\u00fctzt, daher sind wir auf Ihre finanzielle Unterst\u00fctzung zur Deckung der Unkosten angewiesen.<br>Der Samichlaus freut sich \u00fcber einen Beitrag<br>(IBAN CH77 8080 8003 2836 6493 1 Samichlaus K\u00fcnten-Sulz).<\/p>\n\n\n<div class=\"wp-block-image\">\n<figure class=\"aligncenter size-medium\"><img loading=\"lazy\" decoding=\"async\" width=\"300\" height=\"137\" src=\"https:\/\/samichlaus5444.ch\/wp-content\/uploads\/2022\/10\/QR_code_Samichlaus_Kuenten_mit_Personaldaten-300x137.png\" alt=\"\" class=\"wp-image-130\"\/><\/figure><\/div>\n\n\n<p><\/p>\n","protected":false},"excerpt":{"rendered":"<p>Der Samichlaus freut sich darauf auch dieses Jahr vom Freitag, dem 05.12.2025 bis und mit Sonntag, dem 07.12.2025 viele Familien besuchen zu d\u00fcrfen. Beim Familienbesuch bringen Samichlaus, Schmutzlis und Diener\/in zauberhafte Stimmung in Ihr Zuhause. Der Besuch beginnt mit einer Geschichte zu einem aktuellen Thema &hellip; <a href=\"https:\/\/samichlaus5444.ch\/\" class=\"more-link\"><span>Continue reading<span class=\"screen-reader-text\"><\/span><\/span><\/a><\/p>\n","protected":false},"author":1,"featured_media":0,"parent":0,"menu_order":0,"comment_status":"closed","ping_status":"open","template":"","meta":{"footnotes":""},"_links":{"self":[{"href":"https:\/\/samichlaus5444.ch\/index.php?rest_route=\/wp\/v2\/pages\/2"}],"collection":[{"href":"https:\/\/samichlaus5444.ch\/index.php?rest_route=\/wp\/v2\/pages"}],"about":[{"href":"https:\/\/samichlaus5444.ch\/index.php?rest_route=\/wp\/v2\/types\/page"}],"author":[{"embeddable":true,"href":"https:\/\/samichlaus5444.ch\/index.php?rest_route=\/wp\/v2\/users\/1"}],"replies":[{"embeddable":true,"href":"https:\/\/samichlaus5444.ch\/index.php?rest_route=%2Fwp%2Fv2%2Fcomments&post=2"}],"version-history":[{"count":145,"href":"https:\/\/samichlaus5444.ch\/index.php?rest_route=\/wp\/v2\/pages\/2\/revisions"}],"predecessor-version":[{"id":238,"href":"https:\/\/samichlaus5444.ch\/index.php?rest_route=\/wp\/v2\/pages\/2\/revisions\/238"}],"wp:attachment":[{"href":"https:\/\/samichlaus5444.ch\/index.php?rest_route=%2Fwp%2Fv2%2Fmedia&parent=2"}],"curies":[{"name":"wp","href":"https:\/\/api.w.org\/{rel}","templated":true}]}}